{"id":512,"date":"2021-10-23T16:56:58","date_gmt":"2021-10-23T16:56:58","guid":{"rendered":"http:\/\/www.gemdev.ca\/?page_id=512"},"modified":"2021-10-28T22:57:16","modified_gmt":"2021-10-28T22:57:16","slug":"accueil","status":"publish","type":"page","link":"http:\/\/www.gemdev.ca\/en\/","title":{"rendered":"Home"},"content":{"rendered":"<div data-elementor-type=\"wp-page\" data-elementor-id=\"512\" class=\"elementor elementor-512\">\n\t\t\t\t\t\t\t\t\t<section class=\"elementor-section elementor-top-section elementor-element elementor-element-19e1d99 elementor-section-boxed elementor-section-height-default elementor-section-height-default\" data-id=\"19e1d99\" data-element_type=\"section\">\n\t\t\t\t\t\t<div class=\"elementor-container elementor-column-gap-default\">\n\t\t\t\t\t<div class=\"elementor-column elementor-col-100 elementor-top-column elementor-element elementor-element-451ec82\" data-id=\"451ec82\" data-element_type=\"column\">\n\t\t\t<div class=\"elementor-widget-wrap elementor-element-populated\">\n\t\t\t\t\t\t\t\t<div class=\"elementor-element elementor-element-81efde2 elementor-widget elementor-widget-heading\" data-id=\"81efde2\" data-element_type=\"widget\" data-widget_type=\"heading.default\">\n\t\t\t\t<div class=\"elementor-widget-container\">\n\t\t\t<h2 class=\"elementor-heading-title elementor-size-default\">Development to come <\/h2>\t\t<\/div>\n\t\t\t\t<\/div>\n\t\t\t\t<div class=\"elementor-element elementor-element-27fe4fd elementor-widget elementor-widget-heading\" data-id=\"27fe4fd\" data-element_type=\"widget\" data-widget_type=\"heading.default\">\n\t\t\t\t<div class=\"elementor-widget-container\">\n\t\t\t<h3 class=\"elementor-heading-title elementor-size-default\">Carignan, Qu\u00e9bec <\/h3>\t\t<\/div>\n\t\t\t\t<\/div>\n\t\t\t\t<div class=\"elementor-element elementor-element-0efd9c1 elementor-widget elementor-widget-image\" data-id=\"0efd9c1\" data-element_type=\"widget\" data-widget_type=\"image.default\">\n\t\t\t\t<div class=\"elementor-widget-container\">\n\t\t\t\t\t\t\t\t\t\t\t\t\t\t\t<img decoding=\"async\" src=\"http:\/\/www.gemdev.ca\/wp-content\/uploads\/elementor\/thumbs\/Stacked-Rowhouses-Facade-2-q64fsxx365ltrs09n15s1kv0nhmg9i43gykmyw7xmg.jpg\" title=\"Stacked-Rowhouses-Facade\" alt=\"Stacked-Rowhouses-Facade\" loading=\"lazy\" \/>\t\t\t\t\t\t\t\t\t\t\t\t\t\t\t<\/div>\n\t\t\t\t<\/div>\n\t\t\t\t\t<\/div>\n\t\t<\/div>\n\t\t\t\t\t\t\t<\/div>\n\t\t<\/section>\n\t\t\t\t<section class=\"elementor-section elementor-top-section elementor-element elementor-element-d1ce1d5 elementor-section-boxed elementor-section-height-default elementor-section-height-default\" data-id=\"d1ce1d5\" data-element_type=\"section\">\n\t\t\t\t\t\t<div class=\"elementor-container elementor-column-gap-default\">\n\t\t\t\t\t<div class=\"elementor-column elementor-col-100 elementor-top-column elementor-element elementor-element-34ac2b7\" data-id=\"34ac2b7\" data-element_type=\"column\">\n\t\t\t<div class=\"elementor-widget-wrap elementor-element-populated\">\n\t\t\t\t\t\t\t\t<div class=\"elementor-element elementor-element-f26ff58 elementor-widget elementor-widget-text-editor\" data-id=\"f26ff58\" data-element_type=\"widget\" data-widget_type=\"text-editor.default\">\n\t\t\t\t<div class=\"elementor-widget-container\">\n\t\t\t\t\t\t\t<div class=\"\" dir=\"ltr\">An SPP (Special Planning Program) is on the way for the Central Sector in Carignan, Quebec.<\/div><div class=\"\" dir=\"ltr\">With 1000+ doors to accommodate the expansion of<br \/>this growing city...<\/div><div dir=\"ltr\">\u00a0<\/div><div dir=\"ltr\">Come back and find out more soon.\u00a0<\/div>\t\t\t\t\t\t<\/div>\n\t\t\t\t<\/div>\n\t\t\t\t\t<\/div>\n\t\t<\/div>\n\t\t\t\t\t\t\t<\/div>\n\t\t<\/section>\n\t\t\t\t<section class=\"elementor-section elementor-top-section elementor-element elementor-element-46e921d elementor-section-boxed elementor-section-height-default elementor-section-height-default\" data-id=\"46e921d\" data-element_type=\"section\">\n\t\t\t\t\t\t<div class=\"elementor-container elementor-column-gap-default\">\n\t\t\t\t\t<div class=\"elementor-column elementor-col-100 elementor-top-column elementor-element elementor-element-3fabfbe\" data-id=\"3fabfbe\" data-element_type=\"column\">\n\t\t\t<div class=\"elementor-widget-wrap elementor-element-populated\">\n\t\t\t\t\t\t\t\t<div class=\"elementor-element elementor-element-669c731 elementor-align-center elementor-widget elementor-widget-button\" data-id=\"669c731\" data-element_type=\"widget\" data-widget_type=\"button.default\">\n\t\t\t\t<div class=\"elementor-widget-container\">\n\t\t\t\t\t<div class=\"elementor-button-wrapper\">\n\t\t\t<a href=\"http:\/\/www.gemdev.ca\/en\/contactez-nous\/\" class=\"elementor-button-link elementor-button elementor-size-sm\" role=\"button\">\n\t\t\t\t\t\t<span class=\"elementor-button-content-wrapper\">\n\t\t\t\t\t\t<span class=\"elementor-button-text\">CONTACT US<\/span>\n\t\t<\/span>\n\t\t\t\t\t<\/a>\n\t\t<\/div>\n\t\t\t\t<\/div>\n\t\t\t\t<\/div>\n\t\t\t\t\t<\/div>\n\t\t<\/div>\n\t\t\t\t\t\t\t<\/div>\n\t\t<\/section>\n\t\t\t\t<section class=\"elementor-section elementor-top-section elementor-element elementor-element-09eeaaa elementor-section-boxed elementor-section-height-default elementor-section-height-default\" data-id=\"09eeaaa\" data-element_type=\"section\">\n\t\t\t\t\t\t<div class=\"elementor-container elementor-column-gap-default\">\n\t\t\t\t\t<div class=\"elementor-column elementor-col-100 elementor-top-column elementor-element elementor-element-db8d66d\" data-id=\"db8d66d\" data-element_type=\"column\">\n\t\t\t<div class=\"elementor-widget-wrap elementor-element-populated\">\n\t\t\t\t\t\t\t\t<div class=\"elementor-element elementor-element-f2b7667 elementor-widget elementor-widget-spacer\" data-id=\"f2b7667\" data-element_type=\"widget\" data-widget_type=\"spacer.default\">\n\t\t\t\t<div class=\"elementor-widget-container\">\n\t\t\t\t\t<div class=\"elementor-spacer\">\n\t\t\t<div class=\"elementor-spacer-inner\"><\/div>\n\t\t<\/div>\n\t\t\t\t<\/div>\n\t\t\t\t<\/div>\n\t\t\t\t\t<\/div>\n\t\t<\/div>\n\t\t\t\t\t\t\t<\/div>\n\t\t<\/section>\n\t\t\t\t\t\t\t<\/div>","protected":false},"excerpt":{"rendered":"<p>D\u00e9veloppement \u00e0 venir Carignan, Qu\u00e9bec Un PPU\u00a0(Progamme Particulier d\u2019Urbanisme) voit le jour pour le Secteur Centre \u00e0 Carignan, Qu\u00e9bec.Avec 1000+ portes pour r\u00e9pondre \u00e0 l&#8217;expansion de cette villeen pleine croissance&#8230;\u00a0Revenez et d\u00e9couvrez plus bient\u00f4t.\u00a0 CONTACTEZ-NOUS<\/p>","protected":false},"author":1,"featured_media":0,"parent":0,"menu_order":0,"comment_status":"closed","ping_status":"closed","template":"page-templates\/page_front-page.php","meta":{"footnotes":""},"_links":{"self":[{"href":"http:\/\/www.gemdev.ca\/en\/wp-json\/wp\/v2\/pages\/512"}],"collection":[{"href":"http:\/\/www.gemdev.ca\/en\/wp-json\/wp\/v2\/pages"}],"about":[{"href":"http:\/\/www.gemdev.ca\/en\/wp-json\/wp\/v2\/types\/page"}],"author":[{"embeddable":true,"href":"http:\/\/www.gemdev.ca\/en\/wp-json\/wp\/v2\/users\/1"}],"replies":[{"embeddable":true,"href":"http:\/\/www.gemdev.ca\/en\/wp-json\/wp\/v2\/comments?post=512"}],"version-history":[{"count":0,"href":"http:\/\/www.gemdev.ca\/en\/wp-json\/wp\/v2\/pages\/512\/revisions"}],"wp:attachment":[{"href":"http:\/\/www.gemdev.ca\/en\/wp-json\/wp\/v2\/media?parent=512"}],"curies":[{"name":"wp","href":"https:\/\/api.w.org\/{rel}","templated":true}]}}